{"id":263,"date":"2023-04-19T21:43:07","date_gmt":"2023-04-19T19:43:07","guid":{"rendered":"https:\/\/pogrzebytuchola.pl\/?page_id=263"},"modified":"2023-04-25T20:49:29","modified_gmt":"2023-04-25T18:49:29","slug":"pozegnanie-osoby-zmarlej","status":"publish","type":"page","link":"https:\/\/pogrzebytuchola.pl\/index.php\/pozegnanie-osoby-zmarlej\/","title":{"rendered":"Po\u017cegnanie osoby zmar\u0142ej"},"content":{"rendered":"\t\t<div data-elementor-type=\"wp-post\" data-elementor-id=\"263\" class=\"elementor elementor-263\">\n\t\t\t\t\t\t<div class=\"elementor-inner\">\n\t\t\t\t<div class=\"elementor-section-wrap\">\n\t\t\t\t\t\t\t\t\t<section class=\"elementor-section elementor-top-section elementor-element elementor-element-7a2a126 elementor-section-content-middle elementor-section-full_width elementor-section-height-default elementor-section-height-default\" data-id=\"7a2a126\" data-element_type=\"section\">\n\t\t\t\t\t\t<div class=\"elementor-container elementor-column-gap-no\">\n\t\t\t\t\t\t\t<div class=\"elementor-row\">\n\t\t\t\t\t<div class=\"aux-parallax-section elementor-column elementor-col-50 elementor-top-column elementor-element elementor-element-375384e\" data-id=\"375384e\" data-element_type=\"column\">\n\t\t\t<div class=\"elementor-column-wrap elementor-element-populated\">\n\t\t\t\t\t\t\t<div class=\"elementor-widget-wrap\">\n\t\t\t\t\t\t<div class=\"elementor-element elementor-element-c917843 elementor-widget elementor-widget-aux_image\" data-id=\"c917843\" data-element_type=\"widget\" data-widget_type=\"aux_image.default\">\n\t\t\t\t<div class=\"elementor-widget-container\">\n\t\t\t<section class=\"widget-container aux-widget-image aux-alignnone aux-parent-au9a7a9f02\">\n    <div class=\"aux-media-hint-frame \">\n        <div class=\"aux-media-image \" >\n        \n            \n\n            \n            <img loading=\"lazy\" decoding=\"async\" width=\"640\" height=\"480\" src=\"image\/gif;base64,R0lGODlhAQABAIAAAAAAAP\/\/\/yH5BAEAAAAALAAAAAABAAEAAAIBRAA7\" class=\"aux-attachment aux-featured-image aux-attachment-id-167 aux-preload aux-blank\" alt=\"337846000_233016909216716_1833609110265050863_n\" data-ratio=\"1\" data-original-w=\"640\" sizes=\"auto\" data-srcset=\"https:\/\/pogrzebytuchola.pl\/wp-content\/uploads\/2023\/04\/337846000_233016909216716_1833609110265050863_n-150x150.jpg 150w,https:\/\/pogrzebytuchola.pl\/wp-content\/uploads\/2023\/04\/337846000_233016909216716_1833609110265050863_n-300x300.jpg 300w,https:\/\/pogrzebytuchola.pl\/wp-content\/uploads\/2023\/04\/337846000_233016909216716_1833609110265050863_n.jpg 640w\" data-src=\"https:\/\/pogrzebytuchola.pl\/wp-content\/uploads\/2023\/04\/337846000_233016909216716_1833609110265050863_n.jpg\" \/>            \n                <\/div>\n    <\/div>\n\n<\/section><!-- widget-container -->\t\t<\/div>\n\t\t\t\t<\/div>\n\t\t\t\t\t\t<\/div>\n\t\t\t\t\t<\/div>\n\t\t<\/div>\n\t\t\t\t<div class=\"aux-parallax-section elementor-column elementor-col-50 elementor-top-column elementor-element elementor-element-21abc12\" data-id=\"21abc12\" data-element_type=\"column\" data-settings=\"{&quot;background_background&quot;:&quot;classic&quot;}\">\n\t\t\t<div class=\"elementor-column-wrap elementor-element-populated\">\n\t\t\t\t\t\t\t<div class=\"elementor-widget-wrap\">\n\t\t\t\t\t\t<div class=\"elementor-element elementor-element-fa843d0 aux-appear-watch-animation aux-fade-in-right elementor-widget elementor-widget-aux_modern_heading\" data-id=\"fa843d0\" data-element_type=\"widget\" data-widget_type=\"aux_modern_heading.default\">\n\t\t\t\t<div class=\"elementor-widget-container\">\n\t\t\t<section class=\"aux-widget-modern-heading\">\n            <div class=\"aux-widget-inner\"><h2 class=\"aux-modern-heading-primary\">Po\u017cegnanie <b>osoby zmar\u0142ej<\/b><\/h2><div class=\"aux-modern-heading-divider\"><\/div><div class=\"aux-modern-heading-description\"><p>Oddajemy do dyspozycji\u00a0<strong>kaplic\u0119 znajduj\u0105c\u0105 si\u0119 przy ko\u015bciele Bo\u017cego Cia\u0142a w Tucholi,\u00a0<\/strong>w kt\u00f3rej mo\u017cna w spokojnej, intymnej atmosferze po\u017cegna\u0107 zmar\u0142\u0105 osob\u0119. <\/p>\n<p>Czuwanie przy zmar\u0142ym przed pogrzebem to dla bliskich najlepszy spos\u00f3b na ukojenie smutku, \u017calu i rozpaczy po utracie ukochanej osoby. To najlepsze miejsce, aby ka\u017cdy indywidualnie m\u00f3g\u0142 po\u017cegna\u0107 si\u0119 ze zmar\u0142ym, bez wzgl\u0119du na to, czy zw\u0142oki przechowywane s\u0105 w trumnie, czy te\u017c w urnie.<\/p><\/div><\/div>\n        <\/section>\t\t<\/div>\n\t\t\t\t<\/div>\n\t\t\t\t\t\t<\/div>\n\t\t\t\t\t<\/div>\n\t\t<\/div>\n\t\t\t\t\t\t\t\t<\/div>\n\t\t\t\t\t<\/div>\n\t\t<\/section>\n\t\t\t\t<section class=\"elementor-section elementor-top-section elementor-element elementor-element-20d9928 elementor-section-boxed elementor-section-height-default elementor-section-height-default\" data-id=\"20d9928\" data-element_type=\"section\">\n\t\t\t\t\t\t<div class=\"elementor-container elementor-column-gap-default\">\n\t\t\t\t\t\t\t<div class=\"elementor-row\">\n\t\t\t\t\t<div class=\"aux-parallax-section elementor-column elementor-col-100 elementor-top-column elementor-element elementor-element-87422f2\" data-id=\"87422f2\" data-element_type=\"column\">\n\t\t\t<div class=\"elementor-column-wrap elementor-element-populated\">\n\t\t\t\t\t\t\t<div class=\"elementor-widget-wrap\">\n\t\t\t\t\t\t<div class=\"elementor-element elementor-element-24efa03 elementor-widget-divider--view-line elementor-widget elementor-widget-divider\" data-id=\"24efa03\" data-element_type=\"widget\" data-widget_type=\"divider.default\">\n\t\t\t\t<div class=\"elementor-widget-container\">\n\t\t\t\t\t<div class=\"elementor-divider\">\n\t\t\t<span class=\"elementor-divider-separator\">\n\t\t\t\t\t\t<\/span>\n\t\t<\/div>\n\t\t\t\t<\/div>\n\t\t\t\t<\/div>\n\t\t\t\t\t\t<\/div>\n\t\t\t\t\t<\/div>\n\t\t<\/div>\n\t\t\t\t\t\t\t\t<\/div>\n\t\t\t\t\t<\/div>\n\t\t<\/section>\n\t\t\t\t<section class=\"elementor-section elementor-top-section elementor-element elementor-element-cd1b91f elementor-section-boxed elementor-section-height-default elementor-section-height-default\" data-id=\"cd1b91f\" data-element_type=\"section\">\n\t\t\t\t\t\t<div class=\"elementor-container elementor-column-gap-default\">\n\t\t\t\t\t\t\t<div class=\"elementor-row\">\n\t\t\t\t\t<div class=\"aux-parallax-section elementor-column elementor-col-100 elementor-top-column elementor-element elementor-element-9501225\" data-id=\"9501225\" data-element_type=\"column\">\n\t\t\t<div class=\"elementor-column-wrap\">\n\t\t\t\t\t\t\t<div class=\"elementor-widget-wrap\">\n\t\t\t\t\t\t\t\t<\/div>\n\t\t\t\t\t<\/div>\n\t\t<\/div>\n\t\t\t\t\t\t\t\t<\/div>\n\t\t\t\t\t<\/div>\n\t\t<\/section>\n\t\t\t\t<section class=\"elementor-section elementor-top-section elementor-element elementor-element-ab49aab elementor-section-boxed elementor-section-height-default elementor-section-height-default\" data-id=\"ab49aab\" data-element_type=\"section\">\n\t\t\t\t\t\t<div class=\"elementor-container elementor-column-gap-default\">\n\t\t\t\t\t\t\t<div class=\"elementor-row\">\n\t\t\t\t\t<div class=\"aux-parallax-section elementor-column elementor-col-100 elementor-top-column elementor-element elementor-element-1d7cd1f\" data-id=\"1d7cd1f\" data-element_type=\"column\">\n\t\t\t<div class=\"elementor-column-wrap elementor-element-populated\">\n\t\t\t\t\t\t\t<div class=\"elementor-widget-wrap\">\n\t\t\t\t\t\t<div class=\"elementor-element elementor-element-33fc55e elementor-widget elementor-widget-spacer\" data-id=\"33fc55e\" data-element_type=\"widget\" data-widget_type=\"spacer.default\">\n\t\t\t\t<div class=\"elementor-widget-container\">\n\t\t\t\t\t<div class=\"elementor-spacer\">\n\t\t\t<div class=\"elementor-spacer-inner\"><\/div>\n\t\t<\/div>\n\t\t\t\t<\/div>\n\t\t\t\t<\/div>\n\t\t\t\t\t\t<\/div>\n\t\t\t\t\t<\/div>\n\t\t<\/div>\n\t\t\t\t\t\t\t\t<\/div>\n\t\t\t\t\t<\/div>\n\t\t<\/section>\n\t\t\t\t\t\t\t\t\t<\/div>\n\t\t\t<\/div>\n\t\t\t\t\t<\/div>\n\t\t","protected":false},"excerpt":{"rendered":"<p>Po\u017cegnanie osoby zmar\u0142ej Oddajemy do dyspozycji\u00a0kaplic\u0119 znajduj\u0105c\u0105 si\u0119 przy ko\u015bciele Bo\u017cego Cia\u0142a w Tucholi,\u00a0w kt\u00f3rej mo\u017cna w spokojnej, intymnej atmosferze po\u017cegna\u0107 zmar\u0142\u0105 osob\u0119. Czuwanie przy zmar\u0142ym przed pogrzebem to dla bliskich najlepszy spos\u00f3b na ukojenie smutku, \u017calu i rozpaczy po utracie ukochanej osoby. To najlepsze miejsce, aby ka\u017cdy indywidualnie m\u00f3g\u0142 po\u017cegna\u0107 si\u0119 ze zmar\u0142ym, bez [&hellip;]<\/p>\n","protected":false},"author":1,"featured_media":0,"parent":0,"menu_order":0,"comment_status":"closed","ping_status":"closed","template":"","meta":{"footnotes":""},"class_list":["post-263","page","type-page","status-publish","hentry"],"yoast_head":"<!-- This site is optimized with the Yoast SEO plugin v20.10 - https:\/\/yoast.com\/wordpress\/plugins\/seo\/ -->\n<title>Po\u017cegnanie osoby zmar\u0142ej - Us\u0142ugi Pogrzebowe Tuchola<\/title>\n<meta name=\"robots\" content=\"index, follow, max-snippet:-1, max-image-preview:large, max-video-preview:-1\" \/>\n<link rel=\"canonical\" href=\"https:\/\/pogrzebytuchola.pl\/index.php\/pozegnanie-osoby-zmarlej\/\" \/>\n<meta property=\"og:locale\" content=\"pl_PL\" \/>\n<meta property=\"og:type\" content=\"article\" \/>\n<meta property=\"og:title\" content=\"Po\u017cegnanie osoby zmar\u0142ej - Us\u0142ugi Pogrzebowe Tuchola\" \/>\n<meta property=\"og:description\" content=\"Po\u017cegnanie osoby zmar\u0142ej Oddajemy do dyspozycji\u00a0kaplic\u0119 znajduj\u0105c\u0105 si\u0119 przy ko\u015bciele Bo\u017cego Cia\u0142a w Tucholi,\u00a0w kt\u00f3rej mo\u017cna w spokojnej, intymnej atmosferze po\u017cegna\u0107 zmar\u0142\u0105 osob\u0119. Czuwanie przy zmar\u0142ym przed pogrzebem to dla bliskich najlepszy spos\u00f3b na ukojenie smutku, \u017calu i rozpaczy po utracie ukochanej osoby. To najlepsze miejsce, aby ka\u017cdy indywidualnie m\u00f3g\u0142 po\u017cegna\u0107 si\u0119 ze zmar\u0142ym, bez [&hellip;]\" \/>\n<meta property=\"og:url\" content=\"https:\/\/pogrzebytuchola.pl\/index.php\/pozegnanie-osoby-zmarlej\/\" \/>\n<meta property=\"og:site_name\" content=\"Us\u0142ugi Pogrzebowe Tuchola\" \/>\n<meta property=\"article:publisher\" content=\"https:\/\/www.facebook.com\/people\/Zakad-Pogrzebowy-PK-w-Tucholi\/100068786793286\/\" \/>\n<meta property=\"article:modified_time\" content=\"2023-04-25T18:49:29+00:00\" \/>\n<meta name=\"twitter:card\" content=\"summary_large_image\" \/>\n<script type=\"application\/ld+json\" class=\"yoast-schema-graph\">{\"@context\":\"https:\/\/schema.org\",\"@graph\":[{\"@type\":\"WebPage\",\"@id\":\"https:\/\/pogrzebytuchola.pl\/index.php\/pozegnanie-osoby-zmarlej\/\",\"url\":\"https:\/\/pogrzebytuchola.pl\/index.php\/pozegnanie-osoby-zmarlej\/\",\"name\":\"Po\u017cegnanie osoby zmar\u0142ej - Us\u0142ugi Pogrzebowe Tuchola\",\"isPartOf\":{\"@id\":\"https:\/\/pogrzebytuchola.pl\/#website\"},\"datePublished\":\"2023-04-19T19:43:07+00:00\",\"dateModified\":\"2023-04-25T18:49:29+00:00\",\"breadcrumb\":{\"@id\":\"https:\/\/pogrzebytuchola.pl\/index.php\/pozegnanie-osoby-zmarlej\/#breadcrumb\"},\"inLanguage\":\"pl-PL\",\"potentialAction\":[{\"@type\":\"ReadAction\",\"target\":[\"https:\/\/pogrzebytuchola.pl\/index.php\/pozegnanie-osoby-zmarlej\/\"]}]},{\"@type\":\"BreadcrumbList\",\"@id\":\"https:\/\/pogrzebytuchola.pl\/index.php\/pozegnanie-osoby-zmarlej\/#breadcrumb\",\"itemListElement\":[{\"@type\":\"ListItem\",\"position\":1,\"name\":\"Strona g\u0142\u00f3wna\",\"item\":\"https:\/\/pogrzebytuchola.pl\/\"},{\"@type\":\"ListItem\",\"position\":2,\"name\":\"Po\u017cegnanie osoby zmar\u0142ej\"}]},{\"@type\":\"WebSite\",\"@id\":\"https:\/\/pogrzebytuchola.pl\/#website\",\"url\":\"https:\/\/pogrzebytuchola.pl\/\",\"name\":\"Us\u0142ugi Pogrzebowe Tuchola - Zak\u0142ad Pogrzebowy PK\",\"description\":\"\",\"publisher\":{\"@id\":\"https:\/\/pogrzebytuchola.pl\/#organization\"},\"potentialAction\":[{\"@type\":\"SearchAction\",\"target\":{\"@type\":\"EntryPoint\",\"urlTemplate\":\"https:\/\/pogrzebytuchola.pl\/?s={search_term_string}\"},\"query-input\":\"required name=search_term_string\"}],\"inLanguage\":\"pl-PL\"},{\"@type\":\"Organization\",\"@id\":\"https:\/\/pogrzebytuchola.pl\/#organization\",\"name\":\"Us\u0142ugi Pogrzebowe Tuchola - Zak\u0142ad Pogrzebowy PK\",\"url\":\"https:\/\/pogrzebytuchola.pl\/\",\"logo\":{\"@type\":\"ImageObject\",\"inLanguage\":\"pl-PL\",\"@id\":\"https:\/\/pogrzebytuchola.pl\/#\/schema\/logo\/image\/\",\"url\":\"https:\/\/pogrzebytuchola.pl\/wp-content\/uploads\/2023\/04\/2.png\",\"contentUrl\":\"https:\/\/pogrzebytuchola.pl\/wp-content\/uploads\/2023\/04\/2.png\",\"width\":500,\"height\":500,\"caption\":\"Us\u0142ugi Pogrzebowe Tuchola - Zak\u0142ad Pogrzebowy PK\"},\"image\":{\"@id\":\"https:\/\/pogrzebytuchola.pl\/#\/schema\/logo\/image\/\"},\"sameAs\":[\"https:\/\/www.facebook.com\/people\/Zakad-Pogrzebowy-PK-w-Tucholi\/100068786793286\/\"]}]}<\/script>\n<!-- \/ Yoast SEO plugin. -->","yoast_head_json":{"title":"Po\u017cegnanie osoby zmar\u0142ej - Us\u0142ugi Pogrzebowe Tuchola","robots":{"index":"index","follow":"follow","max-snippet":"max-snippet:-1","max-image-preview":"max-image-preview:large","max-video-preview":"max-video-preview:-1"},"canonical":"https:\/\/pogrzebytuchola.pl\/index.php\/pozegnanie-osoby-zmarlej\/","og_locale":"pl_PL","og_type":"article","og_title":"Po\u017cegnanie osoby zmar\u0142ej - Us\u0142ugi Pogrzebowe Tuchola","og_description":"Po\u017cegnanie osoby zmar\u0142ej Oddajemy do dyspozycji\u00a0kaplic\u0119 znajduj\u0105c\u0105 si\u0119 przy ko\u015bciele Bo\u017cego Cia\u0142a w Tucholi,\u00a0w kt\u00f3rej mo\u017cna w spokojnej, intymnej atmosferze po\u017cegna\u0107 zmar\u0142\u0105 osob\u0119. Czuwanie przy zmar\u0142ym przed pogrzebem to dla bliskich najlepszy spos\u00f3b na ukojenie smutku, \u017calu i rozpaczy po utracie ukochanej osoby. To najlepsze miejsce, aby ka\u017cdy indywidualnie m\u00f3g\u0142 po\u017cegna\u0107 si\u0119 ze zmar\u0142ym, bez [&hellip;]","og_url":"https:\/\/pogrzebytuchola.pl\/index.php\/pozegnanie-osoby-zmarlej\/","og_site_name":"Us\u0142ugi Pogrzebowe Tuchola","article_publisher":"https:\/\/www.facebook.com\/people\/Zakad-Pogrzebowy-PK-w-Tucholi\/100068786793286\/","article_modified_time":"2023-04-25T18:49:29+00:00","twitter_card":"summary_large_image","schema":{"@context":"https:\/\/schema.org","@graph":[{"@type":"WebPage","@id":"https:\/\/pogrzebytuchola.pl\/index.php\/pozegnanie-osoby-zmarlej\/","url":"https:\/\/pogrzebytuchola.pl\/index.php\/pozegnanie-osoby-zmarlej\/","name":"Po\u017cegnanie osoby zmar\u0142ej - Us\u0142ugi Pogrzebowe Tuchola","isPartOf":{"@id":"https:\/\/pogrzebytuchola.pl\/#website"},"datePublished":"2023-04-19T19:43:07+00:00","dateModified":"2023-04-25T18:49:29+00:00","breadcrumb":{"@id":"https:\/\/pogrzebytuchola.pl\/index.php\/pozegnanie-osoby-zmarlej\/#breadcrumb"},"inLanguage":"pl-PL","potentialAction":[{"@type":"ReadAction","target":["https:\/\/pogrzebytuchola.pl\/index.php\/pozegnanie-osoby-zmarlej\/"]}]},{"@type":"BreadcrumbList","@id":"https:\/\/pogrzebytuchola.pl\/index.php\/pozegnanie-osoby-zmarlej\/#breadcrumb","itemListElement":[{"@type":"ListItem","position":1,"name":"Strona g\u0142\u00f3wna","item":"https:\/\/pogrzebytuchola.pl\/"},{"@type":"ListItem","position":2,"name":"Po\u017cegnanie osoby zmar\u0142ej"}]},{"@type":"WebSite","@id":"https:\/\/pogrzebytuchola.pl\/#website","url":"https:\/\/pogrzebytuchola.pl\/","name":"Us\u0142ugi Pogrzebowe Tuchola - Zak\u0142ad Pogrzebowy PK","description":"","publisher":{"@id":"https:\/\/pogrzebytuchola.pl\/#organization"},"potentialAction":[{"@type":"SearchAction","target":{"@type":"EntryPoint","urlTemplate":"https:\/\/pogrzebytuchola.pl\/?s={search_term_string}"},"query-input":"required name=search_term_string"}],"inLanguage":"pl-PL"},{"@type":"Organization","@id":"https:\/\/pogrzebytuchola.pl\/#organization","name":"Us\u0142ugi Pogrzebowe Tuchola - Zak\u0142ad Pogrzebowy PK","url":"https:\/\/pogrzebytuchola.pl\/","logo":{"@type":"ImageObject","inLanguage":"pl-PL","@id":"https:\/\/pogrzebytuchola.pl\/#\/schema\/logo\/image\/","url":"https:\/\/pogrzebytuchola.pl\/wp-content\/uploads\/2023\/04\/2.png","contentUrl":"https:\/\/pogrzebytuchola.pl\/wp-content\/uploads\/2023\/04\/2.png","width":500,"height":500,"caption":"Us\u0142ugi Pogrzebowe Tuchola - Zak\u0142ad Pogrzebowy PK"},"image":{"@id":"https:\/\/pogrzebytuchola.pl\/#\/schema\/logo\/image\/"},"sameAs":["https:\/\/www.facebook.com\/people\/Zakad-Pogrzebowy-PK-w-Tucholi\/100068786793286\/"]}]}},"_links":{"self":[{"href":"https:\/\/pogrzebytuchola.pl\/index.php\/wp-json\/wp\/v2\/pages\/263","targetHints":{"allow":["GET"]}}],"collection":[{"href":"https:\/\/pogrzebytuchola.pl\/index.php\/wp-json\/wp\/v2\/pages"}],"about":[{"href":"https:\/\/pogrzebytuchola.pl\/index.php\/wp-json\/wp\/v2\/types\/page"}],"author":[{"embeddable":true,"href":"https:\/\/pogrzebytuchola.pl\/index.php\/wp-json\/wp\/v2\/users\/1"}],"replies":[{"embeddable":true,"href":"https:\/\/pogrzebytuchola.pl\/index.php\/wp-json\/wp\/v2\/comments?post=263"}],"version-history":[{"count":4,"href":"https:\/\/pogrzebytuchola.pl\/index.php\/wp-json\/wp\/v2\/pages\/263\/revisions"}],"predecessor-version":[{"id":344,"href":"https:\/\/pogrzebytuchola.pl\/index.php\/wp-json\/wp\/v2\/pages\/263\/revisions\/344"}],"wp:attachment":[{"href":"https:\/\/pogrzebytuchola.pl\/index.php\/wp-json\/wp\/v2\/media?parent=263"}],"curies":[{"name":"wp","href":"https:\/\/api.w.org\/{rel}","templated":true}]}}