{"id":257,"date":"2023-04-19T21:41:26","date_gmt":"2023-04-19T19:41:26","guid":{"rendered":"https:\/\/pogrzebytuchola.pl\/?page_id=257"},"modified":"2023-04-25T21:41:17","modified_gmt":"2023-04-25T19:41:17","slug":"transport-zwlok","status":"publish","type":"page","link":"https:\/\/pogrzebytuchola.pl\/index.php\/transport-zwlok\/","title":{"rendered":"Transport zw\u0142ok"},"content":{"rendered":"\t\t<div data-elementor-type=\"wp-post\" data-elementor-id=\"257\" class=\"elementor elementor-257\">\n\t\t\t\t\t\t<div class=\"elementor-inner\">\n\t\t\t\t<div class=\"elementor-section-wrap\">\n\t\t\t\t\t\t\t\t\t<section class=\"elementor-section elementor-top-section elementor-element elementor-element-7a2a126 elementor-section-content-middle elementor-section-full_width elementor-section-height-default elementor-section-height-default\" data-id=\"7a2a126\" data-element_type=\"section\">\n\t\t\t\t\t\t<div class=\"elementor-container elementor-column-gap-no\">\n\t\t\t\t\t\t\t<div class=\"elementor-row\">\n\t\t\t\t\t<div class=\"aux-parallax-section elementor-column elementor-col-50 elementor-top-column elementor-element elementor-element-375384e\" data-id=\"375384e\" data-element_type=\"column\">\n\t\t\t<div class=\"elementor-column-wrap elementor-element-populated\">\n\t\t\t\t\t\t\t<div class=\"elementor-widget-wrap\">\n\t\t\t\t\t\t<div class=\"elementor-element elementor-element-c917843 elementor-widget elementor-widget-aux_image\" data-id=\"c917843\" data-element_type=\"widget\" data-widget_type=\"aux_image.default\">\n\t\t\t\t<div class=\"elementor-widget-container\">\n\t\t\t<section class=\"widget-container aux-widget-image aux-alignnone aux-parent-au12f8a461\">\n    <div class=\"aux-media-hint-frame \">\n        <div class=\"aux-media-image \" >\n        \n            \n\n            \n            <img loading=\"lazy\" decoding=\"async\" width=\"1024\" height=\"797\" src=\"image\/gif;base64,R0lGODlhAQABAIAAAAAAAP\/\/\/yH5BAEAAAAALAAAAAABAAEAAAIBRAA7\" class=\"aux-attachment aux-featured-image aux-attachment-id-369 aux-preload aux-blank\" alt=\"340085865_969496240889716_7238553274034154644_n\" data-ratio=\"1\" data-original-w=\"1080\" sizes=\"auto\" data-srcset=\"https:\/\/pogrzebytuchola.pl\/wp-content\/uploads\/2023\/04\/340085865_969496240889716_7238553274034154644_n-150x150.jpg 150w,https:\/\/pogrzebytuchola.pl\/wp-content\/uploads\/2023\/04\/340085865_969496240889716_7238553274034154644_n-300x300.jpg 300w,https:\/\/pogrzebytuchola.pl\/wp-content\/uploads\/2023\/04\/340085865_969496240889716_7238553274034154644_n-768x768.jpg 768w,https:\/\/pogrzebytuchola.pl\/wp-content\/uploads\/2023\/04\/340085865_969496240889716_7238553274034154644_n-1024x797.jpg 1024w,https:\/\/pogrzebytuchola.pl\/wp-content\/uploads\/2023\/04\/340085865_969496240889716_7238553274034154644_n.jpg 1024w\" data-src=\"https:\/\/pogrzebytuchola.pl\/wp-content\/uploads\/2023\/04\/340085865_969496240889716_7238553274034154644_n.jpg\" \/>            \n                <\/div>\n    <\/div>\n\n<\/section><!-- widget-container -->\t\t<\/div>\n\t\t\t\t<\/div>\n\t\t\t\t\t\t<\/div>\n\t\t\t\t\t<\/div>\n\t\t<\/div>\n\t\t\t\t<div class=\"aux-parallax-section elementor-column elementor-col-50 elementor-top-column elementor-element elementor-element-21abc12\" data-id=\"21abc12\" data-element_type=\"column\" data-settings=\"{&quot;background_background&quot;:&quot;classic&quot;}\">\n\t\t\t<div class=\"elementor-column-wrap elementor-element-populated\">\n\t\t\t\t\t\t\t<div class=\"elementor-widget-wrap\">\n\t\t\t\t\t\t<div class=\"elementor-element elementor-element-fa843d0 aux-appear-watch-animation aux-fade-in-right elementor-widget elementor-widget-aux_modern_heading\" data-id=\"fa843d0\" data-element_type=\"widget\" data-widget_type=\"aux_modern_heading.default\">\n\t\t\t\t<div class=\"elementor-widget-container\">\n\t\t\t<section class=\"aux-widget-modern-heading\">\n            <div class=\"aux-widget-inner\"><h2 class=\"aux-modern-heading-primary\">Transport <b>zw\u0142ok<\/b><\/h2><div class=\"aux-modern-heading-divider\"><\/div><div class=\"aux-modern-heading-description\"><p><strong>Pracownicy naszego zak\u0142adu s\u0105 gotowi przez ca\u0142\u0105 dob\u0119 do przewozu osoby zmar\u0142ej na terenie ca\u0142ego kraju.<\/strong> Realizujemy transport z ka\u017cdego miejsca i dowolnego miasta w Polsce, kt\u00f3re wska\u017ce nam rodzina dok\u0105d mamy si\u0119 uda\u0107 i eksportowa\u0107 ich zmar\u0142ego do kaplicy z ch\u0142odni\u0105. Cia\u0142a os\u00f3b zmar\u0142ych przechowywane s\u0105 w specjalnych do tego celu ch\u0142odniach.\u00a0<\/p><p>Organizujemy r\u00f3wnie\u017c mi\u0119dzynarodowy transport zw\u0142ok na terenie Europy. Wsp\u00f3\u0142pracujemy z t\u0142umaczami oraz kierowcami, kt\u00f3rzy zadbaj\u0105 o kwestie formalne oraz sprawne wykonanie powierzonej nam us\u0142ugi.<\/p><\/div><\/div>\n        <\/section>\t\t<\/div>\n\t\t\t\t<\/div>\n\t\t\t\t\t\t<\/div>\n\t\t\t\t\t<\/div>\n\t\t<\/div>\n\t\t\t\t\t\t\t\t<\/div>\n\t\t\t\t\t<\/div>\n\t\t<\/section>\n\t\t\t\t<section class=\"elementor-section elementor-top-section elementor-element elementor-element-20d9928 elementor-section-boxed elementor-section-height-default elementor-section-height-default\" data-id=\"20d9928\" data-element_type=\"section\">\n\t\t\t\t\t\t<div class=\"elementor-container elementor-column-gap-default\">\n\t\t\t\t\t\t\t<div class=\"elementor-row\">\n\t\t\t\t\t<div class=\"aux-parallax-section elementor-column elementor-col-100 elementor-top-column elementor-element elementor-element-87422f2\" data-id=\"87422f2\" data-element_type=\"column\">\n\t\t\t<div class=\"elementor-column-wrap elementor-element-populated\">\n\t\t\t\t\t\t\t<div class=\"elementor-widget-wrap\">\n\t\t\t\t\t\t<div class=\"elementor-element elementor-element-24efa03 elementor-widget-divider--view-line elementor-widget elementor-widget-divider\" data-id=\"24efa03\" data-element_type=\"widget\" data-widget_type=\"divider.default\">\n\t\t\t\t<div class=\"elementor-widget-container\">\n\t\t\t\t\t<div class=\"elementor-divider\">\n\t\t\t<span class=\"elementor-divider-separator\">\n\t\t\t\t\t\t<\/span>\n\t\t<\/div>\n\t\t\t\t<\/div>\n\t\t\t\t<\/div>\n\t\t\t\t\t\t<\/div>\n\t\t\t\t\t<\/div>\n\t\t<\/div>\n\t\t\t\t\t\t\t\t<\/div>\n\t\t\t\t\t<\/div>\n\t\t<\/section>\n\t\t\t\t<section class=\"elementor-section elementor-top-section elementor-element elementor-element-cd1b91f elementor-section-boxed elementor-section-height-default elementor-section-height-default\" data-id=\"cd1b91f\" data-element_type=\"section\">\n\t\t\t\t\t\t<div class=\"elementor-container elementor-column-gap-default\">\n\t\t\t\t\t\t\t<div class=\"elementor-row\">\n\t\t\t\t\t<div class=\"aux-parallax-section elementor-column elementor-col-100 elementor-top-column elementor-element elementor-element-9501225\" data-id=\"9501225\" data-element_type=\"column\">\n\t\t\t<div class=\"elementor-column-wrap\">\n\t\t\t\t\t\t\t<div class=\"elementor-widget-wrap\">\n\t\t\t\t\t\t\t\t<\/div>\n\t\t\t\t\t<\/div>\n\t\t<\/div>\n\t\t\t\t\t\t\t\t<\/div>\n\t\t\t\t\t<\/div>\n\t\t<\/section>\n\t\t\t\t<section class=\"elementor-section elementor-top-section elementor-element elementor-element-ab49aab elementor-section-boxed elementor-section-height-default elementor-section-height-default\" data-id=\"ab49aab\" data-element_type=\"section\">\n\t\t\t\t\t\t<div class=\"elementor-container elementor-column-gap-default\">\n\t\t\t\t\t\t\t<div class=\"elementor-row\">\n\t\t\t\t\t<div class=\"aux-parallax-section elementor-column elementor-col-100 elementor-top-column elementor-element elementor-element-1d7cd1f\" data-id=\"1d7cd1f\" data-element_type=\"column\">\n\t\t\t<div class=\"elementor-column-wrap elementor-element-populated\">\n\t\t\t\t\t\t\t<div class=\"elementor-widget-wrap\">\n\t\t\t\t\t\t<div class=\"elementor-element elementor-element-33fc55e elementor-widget elementor-widget-spacer\" data-id=\"33fc55e\" data-element_type=\"widget\" data-widget_type=\"spacer.default\">\n\t\t\t\t<div class=\"elementor-widget-container\">\n\t\t\t\t\t<div class=\"elementor-spacer\">\n\t\t\t<div class=\"elementor-spacer-inner\"><\/div>\n\t\t<\/div>\n\t\t\t\t<\/div>\n\t\t\t\t<\/div>\n\t\t\t\t\t\t<\/div>\n\t\t\t\t\t<\/div>\n\t\t<\/div>\n\t\t\t\t\t\t\t\t<\/div>\n\t\t\t\t\t<\/div>\n\t\t<\/section>\n\t\t\t\t\t\t\t\t\t<\/div>\n\t\t\t<\/div>\n\t\t\t\t\t<\/div>\n\t\t","protected":false},"excerpt":{"rendered":"<p>Transport zw\u0142ok Pracownicy naszego zak\u0142adu s\u0105 gotowi przez ca\u0142\u0105 dob\u0119 do przewozu osoby zmar\u0142ej na terenie ca\u0142ego kraju. Realizujemy transport z ka\u017cdego miejsca i dowolnego miasta w Polsce, kt\u00f3re wska\u017ce nam rodzina dok\u0105d mamy si\u0119 uda\u0107 i eksportowa\u0107 ich zmar\u0142ego do kaplicy z ch\u0142odni\u0105. Cia\u0142a os\u00f3b zmar\u0142ych przechowywane s\u0105 w specjalnych do tego celu ch\u0142odniach.\u00a0 [&hellip;]<\/p>\n","protected":false},"author":1,"featured_media":0,"parent":0,"menu_order":0,"comment_status":"closed","ping_status":"closed","template":"","meta":{"footnotes":""},"class_list":["post-257","page","type-page","status-publish","hentry"],"yoast_head":"<!-- This site is optimized with the Yoast SEO plugin v20.10 - https:\/\/yoast.com\/wordpress\/plugins\/seo\/ -->\n<title>Transport zw\u0142ok - Us\u0142ugi Pogrzebowe Tuchola<\/title>\n<meta name=\"robots\" content=\"index, follow, max-snippet:-1, max-image-preview:large, max-video-preview:-1\" \/>\n<link rel=\"canonical\" href=\"https:\/\/pogrzebytuchola.pl\/index.php\/transport-zwlok\/\" \/>\n<meta property=\"og:locale\" content=\"pl_PL\" \/>\n<meta property=\"og:type\" content=\"article\" \/>\n<meta property=\"og:title\" content=\"Transport zw\u0142ok - Us\u0142ugi Pogrzebowe Tuchola\" \/>\n<meta property=\"og:description\" content=\"Transport zw\u0142ok Pracownicy naszego zak\u0142adu s\u0105 gotowi przez ca\u0142\u0105 dob\u0119 do przewozu osoby zmar\u0142ej na terenie ca\u0142ego kraju. Realizujemy transport z ka\u017cdego miejsca i dowolnego miasta w Polsce, kt\u00f3re wska\u017ce nam rodzina dok\u0105d mamy si\u0119 uda\u0107 i eksportowa\u0107 ich zmar\u0142ego do kaplicy z ch\u0142odni\u0105. Cia\u0142a os\u00f3b zmar\u0142ych przechowywane s\u0105 w specjalnych do tego celu ch\u0142odniach.\u00a0 [&hellip;]\" \/>\n<meta property=\"og:url\" content=\"https:\/\/pogrzebytuchola.pl\/index.php\/transport-zwlok\/\" \/>\n<meta property=\"og:site_name\" content=\"Us\u0142ugi Pogrzebowe Tuchola\" \/>\n<meta property=\"article:publisher\" content=\"https:\/\/www.facebook.com\/people\/Zakad-Pogrzebowy-PK-w-Tucholi\/100068786793286\/\" \/>\n<meta property=\"article:modified_time\" content=\"2023-04-25T19:41:17+00:00\" \/>\n<meta name=\"twitter:card\" content=\"summary_large_image\" \/>\n<script type=\"application\/ld+json\" class=\"yoast-schema-graph\">{\"@context\":\"https:\/\/schema.org\",\"@graph\":[{\"@type\":\"WebPage\",\"@id\":\"https:\/\/pogrzebytuchola.pl\/index.php\/transport-zwlok\/\",\"url\":\"https:\/\/pogrzebytuchola.pl\/index.php\/transport-zwlok\/\",\"name\":\"Transport zw\u0142ok - Us\u0142ugi Pogrzebowe Tuchola\",\"isPartOf\":{\"@id\":\"https:\/\/pogrzebytuchola.pl\/#website\"},\"datePublished\":\"2023-04-19T19:41:26+00:00\",\"dateModified\":\"2023-04-25T19:41:17+00:00\",\"breadcrumb\":{\"@id\":\"https:\/\/pogrzebytuchola.pl\/index.php\/transport-zwlok\/#breadcrumb\"},\"inLanguage\":\"pl-PL\",\"potentialAction\":[{\"@type\":\"ReadAction\",\"target\":[\"https:\/\/pogrzebytuchola.pl\/index.php\/transport-zwlok\/\"]}]},{\"@type\":\"BreadcrumbList\",\"@id\":\"https:\/\/pogrzebytuchola.pl\/index.php\/transport-zwlok\/#breadcrumb\",\"itemListElement\":[{\"@type\":\"ListItem\",\"position\":1,\"name\":\"Strona g\u0142\u00f3wna\",\"item\":\"https:\/\/pogrzebytuchola.pl\/\"},{\"@type\":\"ListItem\",\"position\":2,\"name\":\"Transport zw\u0142ok\"}]},{\"@type\":\"WebSite\",\"@id\":\"https:\/\/pogrzebytuchola.pl\/#website\",\"url\":\"https:\/\/pogrzebytuchola.pl\/\",\"name\":\"Us\u0142ugi Pogrzebowe Tuchola - Zak\u0142ad Pogrzebowy PK\",\"description\":\"\",\"publisher\":{\"@id\":\"https:\/\/pogrzebytuchola.pl\/#organization\"},\"potentialAction\":[{\"@type\":\"SearchAction\",\"target\":{\"@type\":\"EntryPoint\",\"urlTemplate\":\"https:\/\/pogrzebytuchola.pl\/?s={search_term_string}\"},\"query-input\":\"required name=search_term_string\"}],\"inLanguage\":\"pl-PL\"},{\"@type\":\"Organization\",\"@id\":\"https:\/\/pogrzebytuchola.pl\/#organization\",\"name\":\"Us\u0142ugi Pogrzebowe Tuchola - Zak\u0142ad Pogrzebowy PK\",\"url\":\"https:\/\/pogrzebytuchola.pl\/\",\"logo\":{\"@type\":\"ImageObject\",\"inLanguage\":\"pl-PL\",\"@id\":\"https:\/\/pogrzebytuchola.pl\/#\/schema\/logo\/image\/\",\"url\":\"https:\/\/pogrzebytuchola.pl\/wp-content\/uploads\/2023\/04\/2.png\",\"contentUrl\":\"https:\/\/pogrzebytuchola.pl\/wp-content\/uploads\/2023\/04\/2.png\",\"width\":500,\"height\":500,\"caption\":\"Us\u0142ugi Pogrzebowe Tuchola - Zak\u0142ad Pogrzebowy PK\"},\"image\":{\"@id\":\"https:\/\/pogrzebytuchola.pl\/#\/schema\/logo\/image\/\"},\"sameAs\":[\"https:\/\/www.facebook.com\/people\/Zakad-Pogrzebowy-PK-w-Tucholi\/100068786793286\/\"]}]}<\/script>\n<!-- \/ Yoast SEO plugin. -->","yoast_head_json":{"title":"Transport zw\u0142ok - Us\u0142ugi Pogrzebowe Tuchola","robots":{"index":"index","follow":"follow","max-snippet":"max-snippet:-1","max-image-preview":"max-image-preview:large","max-video-preview":"max-video-preview:-1"},"canonical":"https:\/\/pogrzebytuchola.pl\/index.php\/transport-zwlok\/","og_locale":"pl_PL","og_type":"article","og_title":"Transport zw\u0142ok - Us\u0142ugi Pogrzebowe Tuchola","og_description":"Transport zw\u0142ok Pracownicy naszego zak\u0142adu s\u0105 gotowi przez ca\u0142\u0105 dob\u0119 do przewozu osoby zmar\u0142ej na terenie ca\u0142ego kraju. Realizujemy transport z ka\u017cdego miejsca i dowolnego miasta w Polsce, kt\u00f3re wska\u017ce nam rodzina dok\u0105d mamy si\u0119 uda\u0107 i eksportowa\u0107 ich zmar\u0142ego do kaplicy z ch\u0142odni\u0105. Cia\u0142a os\u00f3b zmar\u0142ych przechowywane s\u0105 w specjalnych do tego celu ch\u0142odniach.\u00a0 [&hellip;]","og_url":"https:\/\/pogrzebytuchola.pl\/index.php\/transport-zwlok\/","og_site_name":"Us\u0142ugi Pogrzebowe Tuchola","article_publisher":"https:\/\/www.facebook.com\/people\/Zakad-Pogrzebowy-PK-w-Tucholi\/100068786793286\/","article_modified_time":"2023-04-25T19:41:17+00:00","twitter_card":"summary_large_image","schema":{"@context":"https:\/\/schema.org","@graph":[{"@type":"WebPage","@id":"https:\/\/pogrzebytuchola.pl\/index.php\/transport-zwlok\/","url":"https:\/\/pogrzebytuchola.pl\/index.php\/transport-zwlok\/","name":"Transport zw\u0142ok - Us\u0142ugi Pogrzebowe Tuchola","isPartOf":{"@id":"https:\/\/pogrzebytuchola.pl\/#website"},"datePublished":"2023-04-19T19:41:26+00:00","dateModified":"2023-04-25T19:41:17+00:00","breadcrumb":{"@id":"https:\/\/pogrzebytuchola.pl\/index.php\/transport-zwlok\/#breadcrumb"},"inLanguage":"pl-PL","potentialAction":[{"@type":"ReadAction","target":["https:\/\/pogrzebytuchola.pl\/index.php\/transport-zwlok\/"]}]},{"@type":"BreadcrumbList","@id":"https:\/\/pogrzebytuchola.pl\/index.php\/transport-zwlok\/#breadcrumb","itemListElement":[{"@type":"ListItem","position":1,"name":"Strona g\u0142\u00f3wna","item":"https:\/\/pogrzebytuchola.pl\/"},{"@type":"ListItem","position":2,"name":"Transport zw\u0142ok"}]},{"@type":"WebSite","@id":"https:\/\/pogrzebytuchola.pl\/#website","url":"https:\/\/pogrzebytuchola.pl\/","name":"Us\u0142ugi Pogrzebowe Tuchola - Zak\u0142ad Pogrzebowy PK","description":"","publisher":{"@id":"https:\/\/pogrzebytuchola.pl\/#organization"},"potentialAction":[{"@type":"SearchAction","target":{"@type":"EntryPoint","urlTemplate":"https:\/\/pogrzebytuchola.pl\/?s={search_term_string}"},"query-input":"required name=search_term_string"}],"inLanguage":"pl-PL"},{"@type":"Organization","@id":"https:\/\/pogrzebytuchola.pl\/#organization","name":"Us\u0142ugi Pogrzebowe Tuchola - Zak\u0142ad Pogrzebowy PK","url":"https:\/\/pogrzebytuchola.pl\/","logo":{"@type":"ImageObject","inLanguage":"pl-PL","@id":"https:\/\/pogrzebytuchola.pl\/#\/schema\/logo\/image\/","url":"https:\/\/pogrzebytuchola.pl\/wp-content\/uploads\/2023\/04\/2.png","contentUrl":"https:\/\/pogrzebytuchola.pl\/wp-content\/uploads\/2023\/04\/2.png","width":500,"height":500,"caption":"Us\u0142ugi Pogrzebowe Tuchola - Zak\u0142ad Pogrzebowy PK"},"image":{"@id":"https:\/\/pogrzebytuchola.pl\/#\/schema\/logo\/image\/"},"sameAs":["https:\/\/www.facebook.com\/people\/Zakad-Pogrzebowy-PK-w-Tucholi\/100068786793286\/"]}]}},"_links":{"self":[{"href":"https:\/\/pogrzebytuchola.pl\/index.php\/wp-json\/wp\/v2\/pages\/257","targetHints":{"allow":["GET"]}}],"collection":[{"href":"https:\/\/pogrzebytuchola.pl\/index.php\/wp-json\/wp\/v2\/pages"}],"about":[{"href":"https:\/\/pogrzebytuchola.pl\/index.php\/wp-json\/wp\/v2\/types\/page"}],"author":[{"embeddable":true,"href":"https:\/\/pogrzebytuchola.pl\/index.php\/wp-json\/wp\/v2\/users\/1"}],"replies":[{"embeddable":true,"href":"https:\/\/pogrzebytuchola.pl\/index.php\/wp-json\/wp\/v2\/comments?post=257"}],"version-history":[{"count":4,"href":"https:\/\/pogrzebytuchola.pl\/index.php\/wp-json\/wp\/v2\/pages\/257\/revisions"}],"predecessor-version":[{"id":372,"href":"https:\/\/pogrzebytuchola.pl\/index.php\/wp-json\/wp\/v2\/pages\/257\/revisions\/372"}],"wp:attachment":[{"href":"https:\/\/pogrzebytuchola.pl\/index.php\/wp-json\/wp\/v2\/media?parent=257"}],"curies":[{"name":"wp","href":"https:\/\/api.w.org\/{rel}","templated":true}]}}