{"id":238,"date":"2023-04-19T21:33:04","date_gmt":"2023-04-19T19:33:04","guid":{"rendered":"https:\/\/pogrzebytuchola.pl\/?page_id=238"},"modified":"2023-04-19T21:40:14","modified_gmt":"2023-04-19T19:40:14","slug":"pogrzeby-tradycyjne","status":"publish","type":"page","link":"https:\/\/pogrzebytuchola.pl\/index.php\/pogrzeby-tradycyjne\/","title":{"rendered":"Pogrzeby tradycyjne"},"content":{"rendered":"\t\t<div data-elementor-type=\"wp-post\" data-elementor-id=\"238\" class=\"elementor elementor-238\">\n\t\t\t\t\t\t<div class=\"elementor-inner\">\n\t\t\t\t<div class=\"elementor-section-wrap\">\n\t\t\t\t\t\t\t\t\t<section class=\"elementor-section elementor-top-section elementor-element elementor-element-7a2a126 elementor-section-content-middle elementor-section-full_width elementor-section-height-default elementor-section-height-default\" data-id=\"7a2a126\" data-element_type=\"section\">\n\t\t\t\t\t\t<div class=\"elementor-container elementor-column-gap-no\">\n\t\t\t\t\t\t\t<div class=\"elementor-row\">\n\t\t\t\t\t<div class=\"aux-parallax-section elementor-column elementor-col-50 elementor-top-column elementor-element elementor-element-375384e\" data-id=\"375384e\" data-element_type=\"column\">\n\t\t\t<div class=\"elementor-column-wrap elementor-element-populated\">\n\t\t\t\t\t\t\t<div class=\"elementor-widget-wrap\">\n\t\t\t\t\t\t<div class=\"elementor-element elementor-element-c917843 elementor-widget elementor-widget-aux_image\" data-id=\"c917843\" data-element_type=\"widget\" data-widget_type=\"aux_image.default\">\n\t\t\t\t<div class=\"elementor-widget-container\">\n\t\t\t<section class=\"widget-container aux-widget-image aux-alignnone aux-parent-aue6b9d56f\">\n    <div class=\"aux-media-hint-frame \">\n        <div class=\"aux-media-image \" >\n        \n            \n\n            \n            <img loading=\"lazy\" decoding=\"async\" width=\"640\" height=\"480\" src=\"image\/gif;base64,R0lGODlhAQABAIAAAAAAAP\/\/\/yH5BAEAAAAALAAAAAABAAEAAAIBRAA7\" class=\"aux-attachment aux-featured-image aux-attachment-id-167 aux-preload aux-blank\" alt=\"337846000_233016909216716_1833609110265050863_n\" data-ratio=\"1\" data-original-w=\"640\" sizes=\"auto\" data-srcset=\"https:\/\/pogrzebytuchola.pl\/wp-content\/uploads\/2023\/04\/337846000_233016909216716_1833609110265050863_n-150x150.jpg 150w,https:\/\/pogrzebytuchola.pl\/wp-content\/uploads\/2023\/04\/337846000_233016909216716_1833609110265050863_n-300x300.jpg 300w,https:\/\/pogrzebytuchola.pl\/wp-content\/uploads\/2023\/04\/337846000_233016909216716_1833609110265050863_n.jpg 640w\" data-src=\"https:\/\/pogrzebytuchola.pl\/wp-content\/uploads\/2023\/04\/337846000_233016909216716_1833609110265050863_n.jpg\" \/>            \n                <\/div>\n    <\/div>\n\n<\/section><!-- widget-container -->\t\t<\/div>\n\t\t\t\t<\/div>\n\t\t\t\t\t\t<\/div>\n\t\t\t\t\t<\/div>\n\t\t<\/div>\n\t\t\t\t<div class=\"aux-parallax-section elementor-column elementor-col-50 elementor-top-column elementor-element elementor-element-21abc12\" data-id=\"21abc12\" data-element_type=\"column\" data-settings=\"{&quot;background_background&quot;:&quot;classic&quot;}\">\n\t\t\t<div class=\"elementor-column-wrap elementor-element-populated\">\n\t\t\t\t\t\t\t<div class=\"elementor-widget-wrap\">\n\t\t\t\t\t\t<div class=\"elementor-element elementor-element-fa843d0 aux-appear-watch-animation aux-fade-in-right elementor-widget elementor-widget-aux_modern_heading\" data-id=\"fa843d0\" data-element_type=\"widget\" data-widget_type=\"aux_modern_heading.default\">\n\t\t\t\t<div class=\"elementor-widget-container\">\n\t\t\t<section class=\"aux-widget-modern-heading\">\n            <div class=\"aux-widget-inner\"><h2 class=\"aux-modern-heading-primary\">Pogrzeby <b>tradycyjne<\/b><\/h2><div class=\"aux-modern-heading-divider\"><\/div><div class=\"aux-modern-heading-description\"><p>Nast\u0119pstwem \u015bmierci bliskiego jest konieczno\u015b\u0107 wyboru rodzaju pogrzebu. Wiele os\u00f3b decyduje si\u0119 na <strong>tradycyjny pogrzeb<\/strong>, co cz\u0119sto jest podyktowane wyznaniem, kultur\u0105, b\u0105d\u017a wieloletnimi tradycjami.\u00a0<\/p><p>Uroczysto\u015b\u0107 pogrzebowa przeprowadzona przez <strong>Zak\u0142ad Pogrzebowy PK w Tucholi<\/strong> to podnios\u0142y, pe\u0142en szacunku i wzrusze\u0144 ho\u0142d dla zmar\u0142ej osoby. W ramach us\u0142ug pogrzebowych pracownicy zak\u0142adu szczeg\u00f3\u0142owo dopracowuj\u0105 ca\u0142y przebieg pogrzebu, oferuj\u0105 pomoc w dope\u0142nieniu wszelkich formalno\u015bci oraz ustalaj\u0105 dogodny dla Pa\u0144stwa termin pogrzebu.\u00a0<\/p><p>Nale\u017cy r\u00f3wnie\u017c doda\u0107, \u017ce ceremonia pogrzebowa jest przeprowadzana z nale\u017cytym szacunkiem zar\u00f3wno dla rodziny, jak i dla samego zmar\u0142ego. <strong>W naszej ofercie znajd\u0105 Pa\u0144stwo szeroki wyb\u00f3r trumien z r\u00f3\u017cnego gatunku, wzoru i kolorystyki.\u00a0<\/strong><\/p><\/div><\/div>\n        <\/section>\t\t<\/div>\n\t\t\t\t<\/div>\n\t\t\t\t\t\t<\/div>\n\t\t\t\t\t<\/div>\n\t\t<\/div>\n\t\t\t\t\t\t\t\t<\/div>\n\t\t\t\t\t<\/div>\n\t\t<\/section>\n\t\t\t\t<section class=\"elementor-section elementor-top-section elementor-element elementor-element-20d9928 elementor-section-boxed elementor-section-height-default elementor-section-height-default\" data-id=\"20d9928\" data-element_type=\"section\">\n\t\t\t\t\t\t<div class=\"elementor-container elementor-column-gap-default\">\n\t\t\t\t\t\t\t<div class=\"elementor-row\">\n\t\t\t\t\t<div class=\"aux-parallax-section elementor-column elementor-col-100 elementor-top-column elementor-element elementor-element-87422f2\" data-id=\"87422f2\" data-element_type=\"column\">\n\t\t\t<div class=\"elementor-column-wrap elementor-element-populated\">\n\t\t\t\t\t\t\t<div class=\"elementor-widget-wrap\">\n\t\t\t\t\t\t<div class=\"elementor-element elementor-element-24efa03 elementor-widget-divider--view-line elementor-widget elementor-widget-divider\" data-id=\"24efa03\" data-element_type=\"widget\" data-widget_type=\"divider.default\">\n\t\t\t\t<div class=\"elementor-widget-container\">\n\t\t\t\t\t<div class=\"elementor-divider\">\n\t\t\t<span class=\"elementor-divider-separator\">\n\t\t\t\t\t\t<\/span>\n\t\t<\/div>\n\t\t\t\t<\/div>\n\t\t\t\t<\/div>\n\t\t\t\t\t\t<\/div>\n\t\t\t\t\t<\/div>\n\t\t<\/div>\n\t\t\t\t\t\t\t\t<\/div>\n\t\t\t\t\t<\/div>\n\t\t<\/section>\n\t\t\t\t<section class=\"elementor-section elementor-top-section elementor-element elementor-element-cd1b91f elementor-section-boxed elementor-section-height-default elementor-section-height-default\" data-id=\"cd1b91f\" data-element_type=\"section\">\n\t\t\t\t\t\t<div class=\"elementor-container elementor-column-gap-default\">\n\t\t\t\t\t\t\t<div class=\"elementor-row\">\n\t\t\t\t\t<div class=\"aux-parallax-section elementor-column elementor-col-100 elementor-top-column elementor-element elementor-element-9501225\" data-id=\"9501225\" data-element_type=\"column\">\n\t\t\t<div class=\"elementor-column-wrap\">\n\t\t\t\t\t\t\t<div class=\"elementor-widget-wrap\">\n\t\t\t\t\t\t\t\t<\/div>\n\t\t\t\t\t<\/div>\n\t\t<\/div>\n\t\t\t\t\t\t\t\t<\/div>\n\t\t\t\t\t<\/div>\n\t\t<\/section>\n\t\t\t\t<section class=\"elementor-section elementor-top-section elementor-element elementor-element-ab49aab elementor-section-boxed elementor-section-height-default elementor-section-height-default\" data-id=\"ab49aab\" data-element_type=\"section\">\n\t\t\t\t\t\t<div class=\"elementor-container elementor-column-gap-default\">\n\t\t\t\t\t\t\t<div class=\"elementor-row\">\n\t\t\t\t\t<div class=\"aux-parallax-section elementor-column elementor-col-100 elementor-top-column elementor-element elementor-element-1d7cd1f\" data-id=\"1d7cd1f\" data-element_type=\"column\">\n\t\t\t<div class=\"elementor-column-wrap elementor-element-populated\">\n\t\t\t\t\t\t\t<div class=\"elementor-widget-wrap\">\n\t\t\t\t\t\t<div class=\"elementor-element elementor-element-33fc55e elementor-widget elementor-widget-spacer\" data-id=\"33fc55e\" data-element_type=\"widget\" data-widget_type=\"spacer.default\">\n\t\t\t\t<div class=\"elementor-widget-container\">\n\t\t\t\t\t<div class=\"elementor-spacer\">\n\t\t\t<div class=\"elementor-spacer-inner\"><\/div>\n\t\t<\/div>\n\t\t\t\t<\/div>\n\t\t\t\t<\/div>\n\t\t\t\t\t\t<\/div>\n\t\t\t\t\t<\/div>\n\t\t<\/div>\n\t\t\t\t\t\t\t\t<\/div>\n\t\t\t\t\t<\/div>\n\t\t<\/section>\n\t\t\t\t\t\t\t\t\t<\/div>\n\t\t\t<\/div>\n\t\t\t\t\t<\/div>\n\t\t","protected":false},"excerpt":{"rendered":"<p>Pogrzeby tradycyjne Nast\u0119pstwem \u015bmierci bliskiego jest konieczno\u015b\u0107 wyboru rodzaju pogrzebu. Wiele os\u00f3b decyduje si\u0119 na tradycyjny pogrzeb, co cz\u0119sto jest podyktowane wyznaniem, kultur\u0105, b\u0105d\u017a wieloletnimi tradycjami.\u00a0 Uroczysto\u015b\u0107 pogrzebowa przeprowadzona przez Zak\u0142ad Pogrzebowy PK w Tucholi to podnios\u0142y, pe\u0142en szacunku i wzrusze\u0144 ho\u0142d dla zmar\u0142ej osoby. W ramach us\u0142ug pogrzebowych pracownicy zak\u0142adu szczeg\u00f3\u0142owo dopracowuj\u0105 ca\u0142y przebieg [&hellip;]<\/p>\n","protected":false},"author":1,"featured_media":0,"parent":0,"menu_order":0,"comment_status":"closed","ping_status":"closed","template":"","meta":{"footnotes":""},"class_list":["post-238","page","type-page","status-publish","hentry"],"yoast_head":"<!-- This site is optimized with the Yoast SEO plugin v20.10 - https:\/\/yoast.com\/wordpress\/plugins\/seo\/ -->\n<title>Pogrzeby tradycyjne - Us\u0142ugi Pogrzebowe Tuchola<\/title>\n<meta name=\"robots\" content=\"index, follow, max-snippet:-1, max-image-preview:large, max-video-preview:-1\" \/>\n<link rel=\"canonical\" href=\"https:\/\/pogrzebytuchola.pl\/index.php\/pogrzeby-tradycyjne\/\" \/>\n<meta property=\"og:locale\" content=\"pl_PL\" \/>\n<meta property=\"og:type\" content=\"article\" \/>\n<meta property=\"og:title\" content=\"Pogrzeby tradycyjne - Us\u0142ugi Pogrzebowe Tuchola\" \/>\n<meta property=\"og:description\" content=\"Pogrzeby tradycyjne Nast\u0119pstwem \u015bmierci bliskiego jest konieczno\u015b\u0107 wyboru rodzaju pogrzebu. Wiele os\u00f3b decyduje si\u0119 na tradycyjny pogrzeb, co cz\u0119sto jest podyktowane wyznaniem, kultur\u0105, b\u0105d\u017a wieloletnimi tradycjami.\u00a0 Uroczysto\u015b\u0107 pogrzebowa przeprowadzona przez Zak\u0142ad Pogrzebowy PK w Tucholi to podnios\u0142y, pe\u0142en szacunku i wzrusze\u0144 ho\u0142d dla zmar\u0142ej osoby. W ramach us\u0142ug pogrzebowych pracownicy zak\u0142adu szczeg\u00f3\u0142owo dopracowuj\u0105 ca\u0142y przebieg [&hellip;]\" \/>\n<meta property=\"og:url\" content=\"https:\/\/pogrzebytuchola.pl\/index.php\/pogrzeby-tradycyjne\/\" \/>\n<meta property=\"og:site_name\" content=\"Us\u0142ugi Pogrzebowe Tuchola\" \/>\n<meta property=\"article:publisher\" content=\"https:\/\/www.facebook.com\/people\/Zakad-Pogrzebowy-PK-w-Tucholi\/100068786793286\/\" \/>\n<meta property=\"article:modified_time\" content=\"2023-04-19T19:40:14+00:00\" \/>\n<meta name=\"twitter:card\" content=\"summary_large_image\" \/>\n<meta name=\"twitter:label1\" content=\"Szacowany czas czytania\" \/>\n\t<meta name=\"twitter:data1\" content=\"1 minuta\" \/>\n<script type=\"application\/ld+json\" class=\"yoast-schema-graph\">{\"@context\":\"https:\/\/schema.org\",\"@graph\":[{\"@type\":\"WebPage\",\"@id\":\"https:\/\/pogrzebytuchola.pl\/index.php\/pogrzeby-tradycyjne\/\",\"url\":\"https:\/\/pogrzebytuchola.pl\/index.php\/pogrzeby-tradycyjne\/\",\"name\":\"Pogrzeby tradycyjne - Us\u0142ugi Pogrzebowe Tuchola\",\"isPartOf\":{\"@id\":\"https:\/\/pogrzebytuchola.pl\/#website\"},\"datePublished\":\"2023-04-19T19:33:04+00:00\",\"dateModified\":\"2023-04-19T19:40:14+00:00\",\"breadcrumb\":{\"@id\":\"https:\/\/pogrzebytuchola.pl\/index.php\/pogrzeby-tradycyjne\/#breadcrumb\"},\"inLanguage\":\"pl-PL\",\"potentialAction\":[{\"@type\":\"ReadAction\",\"target\":[\"https:\/\/pogrzebytuchola.pl\/index.php\/pogrzeby-tradycyjne\/\"]}]},{\"@type\":\"BreadcrumbList\",\"@id\":\"https:\/\/pogrzebytuchola.pl\/index.php\/pogrzeby-tradycyjne\/#breadcrumb\",\"itemListElement\":[{\"@type\":\"ListItem\",\"position\":1,\"name\":\"Strona g\u0142\u00f3wna\",\"item\":\"https:\/\/pogrzebytuchola.pl\/\"},{\"@type\":\"ListItem\",\"position\":2,\"name\":\"Pogrzeby tradycyjne\"}]},{\"@type\":\"WebSite\",\"@id\":\"https:\/\/pogrzebytuchola.pl\/#website\",\"url\":\"https:\/\/pogrzebytuchola.pl\/\",\"name\":\"Us\u0142ugi Pogrzebowe Tuchola - Zak\u0142ad Pogrzebowy PK\",\"description\":\"\",\"publisher\":{\"@id\":\"https:\/\/pogrzebytuchola.pl\/#organization\"},\"potentialAction\":[{\"@type\":\"SearchAction\",\"target\":{\"@type\":\"EntryPoint\",\"urlTemplate\":\"https:\/\/pogrzebytuchola.pl\/?s={search_term_string}\"},\"query-input\":\"required name=search_term_string\"}],\"inLanguage\":\"pl-PL\"},{\"@type\":\"Organization\",\"@id\":\"https:\/\/pogrzebytuchola.pl\/#organization\",\"name\":\"Us\u0142ugi Pogrzebowe Tuchola - Zak\u0142ad Pogrzebowy PK\",\"url\":\"https:\/\/pogrzebytuchola.pl\/\",\"logo\":{\"@type\":\"ImageObject\",\"inLanguage\":\"pl-PL\",\"@id\":\"https:\/\/pogrzebytuchola.pl\/#\/schema\/logo\/image\/\",\"url\":\"https:\/\/pogrzebytuchola.pl\/wp-content\/uploads\/2023\/04\/2.png\",\"contentUrl\":\"https:\/\/pogrzebytuchola.pl\/wp-content\/uploads\/2023\/04\/2.png\",\"width\":500,\"height\":500,\"caption\":\"Us\u0142ugi Pogrzebowe Tuchola - Zak\u0142ad Pogrzebowy PK\"},\"image\":{\"@id\":\"https:\/\/pogrzebytuchola.pl\/#\/schema\/logo\/image\/\"},\"sameAs\":[\"https:\/\/www.facebook.com\/people\/Zakad-Pogrzebowy-PK-w-Tucholi\/100068786793286\/\"]}]}<\/script>\n<!-- \/ Yoast SEO plugin. -->","yoast_head_json":{"title":"Pogrzeby tradycyjne - Us\u0142ugi Pogrzebowe Tuchola","robots":{"index":"index","follow":"follow","max-snippet":"max-snippet:-1","max-image-preview":"max-image-preview:large","max-video-preview":"max-video-preview:-1"},"canonical":"https:\/\/pogrzebytuchola.pl\/index.php\/pogrzeby-tradycyjne\/","og_locale":"pl_PL","og_type":"article","og_title":"Pogrzeby tradycyjne - Us\u0142ugi Pogrzebowe Tuchola","og_description":"Pogrzeby tradycyjne Nast\u0119pstwem \u015bmierci bliskiego jest konieczno\u015b\u0107 wyboru rodzaju pogrzebu. Wiele os\u00f3b decyduje si\u0119 na tradycyjny pogrzeb, co cz\u0119sto jest podyktowane wyznaniem, kultur\u0105, b\u0105d\u017a wieloletnimi tradycjami.\u00a0 Uroczysto\u015b\u0107 pogrzebowa przeprowadzona przez Zak\u0142ad Pogrzebowy PK w Tucholi to podnios\u0142y, pe\u0142en szacunku i wzrusze\u0144 ho\u0142d dla zmar\u0142ej osoby. W ramach us\u0142ug pogrzebowych pracownicy zak\u0142adu szczeg\u00f3\u0142owo dopracowuj\u0105 ca\u0142y przebieg [&hellip;]","og_url":"https:\/\/pogrzebytuchola.pl\/index.php\/pogrzeby-tradycyjne\/","og_site_name":"Us\u0142ugi Pogrzebowe Tuchola","article_publisher":"https:\/\/www.facebook.com\/people\/Zakad-Pogrzebowy-PK-w-Tucholi\/100068786793286\/","article_modified_time":"2023-04-19T19:40:14+00:00","twitter_card":"summary_large_image","twitter_misc":{"Szacowany czas czytania":"1 minuta"},"schema":{"@context":"https:\/\/schema.org","@graph":[{"@type":"WebPage","@id":"https:\/\/pogrzebytuchola.pl\/index.php\/pogrzeby-tradycyjne\/","url":"https:\/\/pogrzebytuchola.pl\/index.php\/pogrzeby-tradycyjne\/","name":"Pogrzeby tradycyjne - Us\u0142ugi Pogrzebowe Tuchola","isPartOf":{"@id":"https:\/\/pogrzebytuchola.pl\/#website"},"datePublished":"2023-04-19T19:33:04+00:00","dateModified":"2023-04-19T19:40:14+00:00","breadcrumb":{"@id":"https:\/\/pogrzebytuchola.pl\/index.php\/pogrzeby-tradycyjne\/#breadcrumb"},"inLanguage":"pl-PL","potentialAction":[{"@type":"ReadAction","target":["https:\/\/pogrzebytuchola.pl\/index.php\/pogrzeby-tradycyjne\/"]}]},{"@type":"BreadcrumbList","@id":"https:\/\/pogrzebytuchola.pl\/index.php\/pogrzeby-tradycyjne\/#breadcrumb","itemListElement":[{"@type":"ListItem","position":1,"name":"Strona g\u0142\u00f3wna","item":"https:\/\/pogrzebytuchola.pl\/"},{"@type":"ListItem","position":2,"name":"Pogrzeby tradycyjne"}]},{"@type":"WebSite","@id":"https:\/\/pogrzebytuchola.pl\/#website","url":"https:\/\/pogrzebytuchola.pl\/","name":"Us\u0142ugi Pogrzebowe Tuchola - Zak\u0142ad Pogrzebowy PK","description":"","publisher":{"@id":"https:\/\/pogrzebytuchola.pl\/#organization"},"potentialAction":[{"@type":"SearchAction","target":{"@type":"EntryPoint","urlTemplate":"https:\/\/pogrzebytuchola.pl\/?s={search_term_string}"},"query-input":"required name=search_term_string"}],"inLanguage":"pl-PL"},{"@type":"Organization","@id":"https:\/\/pogrzebytuchola.pl\/#organization","name":"Us\u0142ugi Pogrzebowe Tuchola - Zak\u0142ad Pogrzebowy PK","url":"https:\/\/pogrzebytuchola.pl\/","logo":{"@type":"ImageObject","inLanguage":"pl-PL","@id":"https:\/\/pogrzebytuchola.pl\/#\/schema\/logo\/image\/","url":"https:\/\/pogrzebytuchola.pl\/wp-content\/uploads\/2023\/04\/2.png","contentUrl":"https:\/\/pogrzebytuchola.pl\/wp-content\/uploads\/2023\/04\/2.png","width":500,"height":500,"caption":"Us\u0142ugi Pogrzebowe Tuchola - Zak\u0142ad Pogrzebowy PK"},"image":{"@id":"https:\/\/pogrzebytuchola.pl\/#\/schema\/logo\/image\/"},"sameAs":["https:\/\/www.facebook.com\/people\/Zakad-Pogrzebowy-PK-w-Tucholi\/100068786793286\/"]}]}},"_links":{"self":[{"href":"https:\/\/pogrzebytuchola.pl\/index.php\/wp-json\/wp\/v2\/pages\/238","targetHints":{"allow":["GET"]}}],"collection":[{"href":"https:\/\/pogrzebytuchola.pl\/index.php\/wp-json\/wp\/v2\/pages"}],"about":[{"href":"https:\/\/pogrzebytuchola.pl\/index.php\/wp-json\/wp\/v2\/types\/page"}],"author":[{"embeddable":true,"href":"https:\/\/pogrzebytuchola.pl\/index.php\/wp-json\/wp\/v2\/users\/1"}],"replies":[{"embeddable":true,"href":"https:\/\/pogrzebytuchola.pl\/index.php\/wp-json\/wp\/v2\/comments?post=238"}],"version-history":[{"count":16,"href":"https:\/\/pogrzebytuchola.pl\/index.php\/wp-json\/wp\/v2\/pages\/238\/revisions"}],"predecessor-version":[{"id":254,"href":"https:\/\/pogrzebytuchola.pl\/index.php\/wp-json\/wp\/v2\/pages\/238\/revisions\/254"}],"wp:attachment":[{"href":"https:\/\/pogrzebytuchola.pl\/index.php\/wp-json\/wp\/v2\/media?parent=238"}],"curies":[{"name":"wp","href":"https:\/\/api.w.org\/{rel}","templated":true}]}}