{"id":116,"date":"2018-12-04T06:00:32","date_gmt":"2018-12-04T05:00:32","guid":{"rendered":"https:\/\/pogrzebytuchola.pl\/index.php\/contact\/"},"modified":"2023-04-25T18:33:11","modified_gmt":"2023-04-25T16:33:11","slug":"kontakt","status":"publish","type":"page","link":"https:\/\/pogrzebytuchola.pl\/index.php\/kontakt\/","title":{"rendered":"Kontakt"},"content":{"rendered":"\t\t<div data-elementor-type=\"wp-post\" data-elementor-id=\"116\" class=\"elementor elementor-116\">\n\t\t\t\t\t\t<div class=\"elementor-inner\">\n\t\t\t\t<div class=\"elementor-section-wrap\">\n\t\t\t\t\t\t\t\t\t<section class=\"elementor-section elementor-top-section elementor-element elementor-element-5db4253 elementor-reverse-mobile elementor-section-boxed elementor-section-height-default elementor-section-height-default\" data-id=\"5db4253\" data-element_type=\"section\">\n\t\t\t\t\t\t<div class=\"elementor-container elementor-column-gap-default\">\n\t\t\t\t\t\t\t<div class=\"elementor-row\">\n\t\t\t\t\t<div class=\"aux-parallax-section elementor-column elementor-col-100 elementor-top-column elementor-element elementor-element-a9c2ac2\" data-id=\"a9c2ac2\" data-element_type=\"column\">\n\t\t\t<div class=\"elementor-column-wrap elementor-element-populated\">\n\t\t\t\t\t\t\t<div class=\"elementor-widget-wrap\">\n\t\t\t\t\t\t<section class=\"elementor-section elementor-inner-section elementor-element elementor-element-5a4f559 elementor-reverse-tablet elementor-reverse-mobile elementor-section-full_width elementor-section-height-default elementor-section-height-default\" data-id=\"5a4f559\" data-element_type=\"section\">\n\t\t\t\t\t\t<div class=\"elementor-container elementor-column-gap-default\">\n\t\t\t\t\t\t\t<div class=\"elementor-row\">\n\t\t\t\t\t<div class=\"aux-parallax-section elementor-column elementor-col-50 elementor-inner-column elementor-element elementor-element-287cf0d\" data-id=\"287cf0d\" data-element_type=\"column\">\n\t\t\t<div class=\"elementor-column-wrap elementor-element-populated\">\n\t\t\t\t\t\t\t<div class=\"elementor-widget-wrap\">\n\t\t\t\t\t\t<div class=\"elementor-element elementor-element-34ebd84 aux-appear-watch-animation aux-fade-in-up elementor-widget elementor-widget-aux_modern_heading\" data-id=\"34ebd84\" data-element_type=\"widget\" data-widget_type=\"aux_modern_heading.default\">\n\t\t\t\t<div class=\"elementor-widget-container\">\n\t\t\t<section class=\"aux-widget-modern-heading\">\n            <div class=\"aux-widget-inner\"><h2 class=\"aux-modern-heading-primary\"><b>Kontakt<\/b><\/h2><div class=\"aux-modern-heading-divider\"><\/div><div class=\"aux-modern-heading-description\"><p>W razie pyta\u0144 s\u0142u\u017cymy pomoc\u0105.<\/p><p><strong>Ca\u0142odobowy telefon:<\/strong><\/p><p>+603 265 868<\/p><p><strong>Adres:<\/strong><\/p><p><span class=\"x193iq5w xeuugli x13faqbe x1vvkbs x1xmvt09 x1lliihq x1s928wv xhkezso x1gmr53x x1cpjm7i x1fgarty x1943h6x xudqn12 x3x7a5m x6prxxf xvq8zen xo1l8bm xzsf02u\" dir=\"auto\">ul. \u015awiecka 68,\u00a0<\/span>89-500Tuchola<\/p><p><strong>E-mail:<\/strong><\/p><p>pogrzebowy@pk.tuchola.pl<\/p><\/div><\/div>\n        <\/section>\t\t<\/div>\n\t\t\t\t<\/div>\n\t\t\t\t\t\t<\/div>\n\t\t\t\t\t<\/div>\n\t\t<\/div>\n\t\t\t\t<div class=\"aux-parallax-section elementor-column elementor-col-50 elementor-inner-column elementor-element elementor-element-b1fa9c2 aux-appear-watch-animation aux-fade-in-up\" data-id=\"b1fa9c2\" data-element_type=\"column\">\n\t\t\t<div class=\"elementor-column-wrap elementor-element-populated\">\n\t\t\t\t\t\t\t<div class=\"elementor-widget-wrap\">\n\t\t\t\t\t\t<div class=\"elementor-element elementor-element-8071683 elementor-widget elementor-widget-google_maps\" data-id=\"8071683\" data-element_type=\"widget\" data-widget_type=\"google_maps.default\">\n\t\t\t\t<div class=\"elementor-widget-container\">\n\t\t\t\t\t<div class=\"elementor-custom-embed\">\n\t\t\t<iframe loading=\"lazy\"\n\t\t\t\t\tsrc=\"https:\/\/maps.google.com\/maps?q=Zak%C5%82ad%20Pogrzebowy%20PK%20w%20Tucholi&#038;t=m&#038;z=10&#038;output=embed&#038;iwloc=near\"\n\t\t\t\t\ttitle=\"Zak\u0142ad Pogrzebowy PK w Tucholi\"\n\t\t\t\t\taria-label=\"Zak\u0142ad Pogrzebowy PK w Tucholi\"\n\t\t\t><\/iframe>\n\t\t<\/div>\n\t\t\t\t<\/div>\n\t\t\t\t<\/div>\n\t\t\t\t\t\t<\/div>\n\t\t\t\t\t<\/div>\n\t\t<\/div>\n\t\t\t\t\t\t\t\t<\/div>\n\t\t\t\t\t<\/div>\n\t\t<\/section>\n\t\t\t\t\t\t<\/div>\n\t\t\t\t\t<\/div>\n\t\t<\/div>\n\t\t\t\t\t\t\t\t<\/div>\n\t\t\t\t\t<\/div>\n\t\t<\/section>\n\t\t\t\t<section class=\"elementor-section elementor-top-section elementor-element elementor-element-1ff872a elementor-section-boxed elementor-section-height-default elementor-section-height-default\" data-id=\"1ff872a\" data-element_type=\"section\">\n\t\t\t\t\t\t<div class=\"elementor-container elementor-column-gap-default\">\n\t\t\t\t\t\t\t<div class=\"elementor-row\">\n\t\t\t\t\t<div class=\"aux-parallax-section elementor-column elementor-col-100 elementor-top-column elementor-element elementor-element-34064b3\" data-id=\"34064b3\" data-element_type=\"column\">\n\t\t\t<div class=\"elementor-column-wrap\">\n\t\t\t\t\t\t\t<div class=\"elementor-widget-wrap\">\n\t\t\t\t\t\t\t\t<\/div>\n\t\t\t\t\t<\/div>\n\t\t<\/div>\n\t\t\t\t\t\t\t\t<\/div>\n\t\t\t\t\t<\/div>\n\t\t<\/section>\n\t\t\t\t\t\t\t\t\t<\/div>\n\t\t\t<\/div>\n\t\t\t\t\t<\/div>\n\t\t","protected":false},"excerpt":{"rendered":"<p>Kontakt W razie pyta\u0144 s\u0142u\u017cymy pomoc\u0105. Ca\u0142odobowy telefon: +603 265 868 Adres: ul. \u015awiecka 68,&nbsp;89-500Tuchola E-mail: pogrzebowy@pk.tuchola.pl<\/p>\n","protected":false},"author":1,"featured_media":0,"parent":0,"menu_order":0,"comment_status":"closed","ping_status":"closed","template":"","meta":{"footnotes":""},"class_list":["post-116","page","type-page","status-publish","hentry"],"yoast_head":"<!-- This site is optimized with the Yoast SEO plugin v20.10 - https:\/\/yoast.com\/wordpress\/plugins\/seo\/ -->\n<title>Kontakt - Us\u0142ugi Pogrzebowe Tuchola<\/title>\n<meta name=\"robots\" content=\"index, follow, max-snippet:-1, max-image-preview:large, max-video-preview:-1\" \/>\n<link rel=\"canonical\" href=\"https:\/\/pogrzebytuchola.pl\/index.php\/kontakt\/\" \/>\n<meta property=\"og:locale\" content=\"pl_PL\" \/>\n<meta property=\"og:type\" content=\"article\" \/>\n<meta property=\"og:title\" content=\"Kontakt - Us\u0142ugi Pogrzebowe Tuchola\" \/>\n<meta property=\"og:description\" content=\"Kontakt W razie pyta\u0144 s\u0142u\u017cymy pomoc\u0105. Ca\u0142odobowy telefon: +603 265 868 Adres: ul. \u015awiecka 68,&nbsp;89-500Tuchola E-mail: pogrzebowy@pk.tuchola.pl\" \/>\n<meta property=\"og:url\" content=\"https:\/\/pogrzebytuchola.pl\/index.php\/kontakt\/\" \/>\n<meta property=\"og:site_name\" content=\"Us\u0142ugi Pogrzebowe Tuchola\" \/>\n<meta property=\"article:publisher\" content=\"https:\/\/www.facebook.com\/people\/Zakad-Pogrzebowy-PK-w-Tucholi\/100068786793286\/\" \/>\n<meta property=\"article:modified_time\" content=\"2023-04-25T16:33:11+00:00\" \/>\n<meta name=\"twitter:card\" content=\"summary_large_image\" \/>\n<script type=\"application\/ld+json\" class=\"yoast-schema-graph\">{\"@context\":\"https:\/\/schema.org\",\"@graph\":[{\"@type\":\"WebPage\",\"@id\":\"https:\/\/pogrzebytuchola.pl\/index.php\/kontakt\/\",\"url\":\"https:\/\/pogrzebytuchola.pl\/index.php\/kontakt\/\",\"name\":\"Kontakt - Us\u0142ugi Pogrzebowe Tuchola\",\"isPartOf\":{\"@id\":\"https:\/\/pogrzebytuchola.pl\/#website\"},\"datePublished\":\"2018-12-04T05:00:32+00:00\",\"dateModified\":\"2023-04-25T16:33:11+00:00\",\"breadcrumb\":{\"@id\":\"https:\/\/pogrzebytuchola.pl\/index.php\/kontakt\/#breadcrumb\"},\"inLanguage\":\"pl-PL\",\"potentialAction\":[{\"@type\":\"ReadAction\",\"target\":[\"https:\/\/pogrzebytuchola.pl\/index.php\/kontakt\/\"]}]},{\"@type\":\"BreadcrumbList\",\"@id\":\"https:\/\/pogrzebytuchola.pl\/index.php\/kontakt\/#breadcrumb\",\"itemListElement\":[{\"@type\":\"ListItem\",\"position\":1,\"name\":\"Strona g\u0142\u00f3wna\",\"item\":\"https:\/\/pogrzebytuchola.pl\/\"},{\"@type\":\"ListItem\",\"position\":2,\"name\":\"Kontakt\"}]},{\"@type\":\"WebSite\",\"@id\":\"https:\/\/pogrzebytuchola.pl\/#website\",\"url\":\"https:\/\/pogrzebytuchola.pl\/\",\"name\":\"Us\u0142ugi Pogrzebowe Tuchola - Zak\u0142ad Pogrzebowy PK\",\"description\":\"\",\"publisher\":{\"@id\":\"https:\/\/pogrzebytuchola.pl\/#organization\"},\"potentialAction\":[{\"@type\":\"SearchAction\",\"target\":{\"@type\":\"EntryPoint\",\"urlTemplate\":\"https:\/\/pogrzebytuchola.pl\/?s={search_term_string}\"},\"query-input\":\"required name=search_term_string\"}],\"inLanguage\":\"pl-PL\"},{\"@type\":\"Organization\",\"@id\":\"https:\/\/pogrzebytuchola.pl\/#organization\",\"name\":\"Us\u0142ugi Pogrzebowe Tuchola - Zak\u0142ad Pogrzebowy PK\",\"url\":\"https:\/\/pogrzebytuchola.pl\/\",\"logo\":{\"@type\":\"ImageObject\",\"inLanguage\":\"pl-PL\",\"@id\":\"https:\/\/pogrzebytuchola.pl\/#\/schema\/logo\/image\/\",\"url\":\"https:\/\/pogrzebytuchola.pl\/wp-content\/uploads\/2023\/04\/2.png\",\"contentUrl\":\"https:\/\/pogrzebytuchola.pl\/wp-content\/uploads\/2023\/04\/2.png\",\"width\":500,\"height\":500,\"caption\":\"Us\u0142ugi Pogrzebowe Tuchola - Zak\u0142ad Pogrzebowy PK\"},\"image\":{\"@id\":\"https:\/\/pogrzebytuchola.pl\/#\/schema\/logo\/image\/\"},\"sameAs\":[\"https:\/\/www.facebook.com\/people\/Zakad-Pogrzebowy-PK-w-Tucholi\/100068786793286\/\"]}]}<\/script>\n<!-- \/ Yoast SEO plugin. -->","yoast_head_json":{"title":"Kontakt - Us\u0142ugi Pogrzebowe Tuchola","robots":{"index":"index","follow":"follow","max-snippet":"max-snippet:-1","max-image-preview":"max-image-preview:large","max-video-preview":"max-video-preview:-1"},"canonical":"https:\/\/pogrzebytuchola.pl\/index.php\/kontakt\/","og_locale":"pl_PL","og_type":"article","og_title":"Kontakt - Us\u0142ugi Pogrzebowe Tuchola","og_description":"Kontakt W razie pyta\u0144 s\u0142u\u017cymy pomoc\u0105. Ca\u0142odobowy telefon: +603 265 868 Adres: ul. \u015awiecka 68,&nbsp;89-500Tuchola E-mail: pogrzebowy@pk.tuchola.pl","og_url":"https:\/\/pogrzebytuchola.pl\/index.php\/kontakt\/","og_site_name":"Us\u0142ugi Pogrzebowe Tuchola","article_publisher":"https:\/\/www.facebook.com\/people\/Zakad-Pogrzebowy-PK-w-Tucholi\/100068786793286\/","article_modified_time":"2023-04-25T16:33:11+00:00","twitter_card":"summary_large_image","schema":{"@context":"https:\/\/schema.org","@graph":[{"@type":"WebPage","@id":"https:\/\/pogrzebytuchola.pl\/index.php\/kontakt\/","url":"https:\/\/pogrzebytuchola.pl\/index.php\/kontakt\/","name":"Kontakt - Us\u0142ugi Pogrzebowe Tuchola","isPartOf":{"@id":"https:\/\/pogrzebytuchola.pl\/#website"},"datePublished":"2018-12-04T05:00:32+00:00","dateModified":"2023-04-25T16:33:11+00:00","breadcrumb":{"@id":"https:\/\/pogrzebytuchola.pl\/index.php\/kontakt\/#breadcrumb"},"inLanguage":"pl-PL","potentialAction":[{"@type":"ReadAction","target":["https:\/\/pogrzebytuchola.pl\/index.php\/kontakt\/"]}]},{"@type":"BreadcrumbList","@id":"https:\/\/pogrzebytuchola.pl\/index.php\/kontakt\/#breadcrumb","itemListElement":[{"@type":"ListItem","position":1,"name":"Strona g\u0142\u00f3wna","item":"https:\/\/pogrzebytuchola.pl\/"},{"@type":"ListItem","position":2,"name":"Kontakt"}]},{"@type":"WebSite","@id":"https:\/\/pogrzebytuchola.pl\/#website","url":"https:\/\/pogrzebytuchola.pl\/","name":"Us\u0142ugi Pogrzebowe Tuchola - Zak\u0142ad Pogrzebowy PK","description":"","publisher":{"@id":"https:\/\/pogrzebytuchola.pl\/#organization"},"potentialAction":[{"@type":"SearchAction","target":{"@type":"EntryPoint","urlTemplate":"https:\/\/pogrzebytuchola.pl\/?s={search_term_string}"},"query-input":"required name=search_term_string"}],"inLanguage":"pl-PL"},{"@type":"Organization","@id":"https:\/\/pogrzebytuchola.pl\/#organization","name":"Us\u0142ugi Pogrzebowe Tuchola - Zak\u0142ad Pogrzebowy PK","url":"https:\/\/pogrzebytuchola.pl\/","logo":{"@type":"ImageObject","inLanguage":"pl-PL","@id":"https:\/\/pogrzebytuchola.pl\/#\/schema\/logo\/image\/","url":"https:\/\/pogrzebytuchola.pl\/wp-content\/uploads\/2023\/04\/2.png","contentUrl":"https:\/\/pogrzebytuchola.pl\/wp-content\/uploads\/2023\/04\/2.png","width":500,"height":500,"caption":"Us\u0142ugi Pogrzebowe Tuchola - Zak\u0142ad Pogrzebowy PK"},"image":{"@id":"https:\/\/pogrzebytuchola.pl\/#\/schema\/logo\/image\/"},"sameAs":["https:\/\/www.facebook.com\/people\/Zakad-Pogrzebowy-PK-w-Tucholi\/100068786793286\/"]}]}},"_links":{"self":[{"href":"https:\/\/pogrzebytuchola.pl\/index.php\/wp-json\/wp\/v2\/pages\/116","targetHints":{"allow":["GET"]}}],"collection":[{"href":"https:\/\/pogrzebytuchola.pl\/index.php\/wp-json\/wp\/v2\/pages"}],"about":[{"href":"https:\/\/pogrzebytuchola.pl\/index.php\/wp-json\/wp\/v2\/types\/page"}],"author":[{"embeddable":true,"href":"https:\/\/pogrzebytuchola.pl\/index.php\/wp-json\/wp\/v2\/users\/1"}],"replies":[{"embeddable":true,"href":"https:\/\/pogrzebytuchola.pl\/index.php\/wp-json\/wp\/v2\/comments?post=116"}],"version-history":[{"count":22,"href":"https:\/\/pogrzebytuchola.pl\/index.php\/wp-json\/wp\/v2\/pages\/116\/revisions"}],"predecessor-version":[{"id":333,"href":"https:\/\/pogrzebytuchola.pl\/index.php\/wp-json\/wp\/v2\/pages\/116\/revisions\/333"}],"wp:attachment":[{"href":"https:\/\/pogrzebytuchola.pl\/index.php\/wp-json\/wp\/v2\/media?parent=116"}],"curies":[{"name":"wp","href":"https:\/\/api.w.org\/{rel}","templated":true}]}}